{"id":3131,"date":"2024-09-13T22:45:00","date_gmt":"2024-09-13T20:45:00","guid":{"rendered":"https:\/\/riam.servermdz.com\/web\/?page_id=3131"},"modified":"2024-10-02T04:22:08","modified_gmt":"2024-10-02T02:22:08","slug":"mission-et-valeurs","status":"publish","type":"page","link":"https:\/\/riam.servermdz.com\/web\/mission-et-valeurs\/","title":{"rendered":"Mission et valeurs"},"content":{"rendered":"\t\t<div data-elementor-type=\"wp-page\" data-elementor-id=\"3131\" class=\"elementor elementor-3131\">\n\t\t\t\t<div class=\"elementor-element elementor-element-fabcc31 e-flex e-con-boxed e-con e-parent\" data-id=\"fabcc31\" data-element_type=\"container\" data-e-type=\"container\">\n\t\t\t\t\t<div class=\"e-con-inner\">\n\t\t\t\t<div class=\"elementor-element elementor-element-29b748e elementor-widget elementor-widget-text-editor\" data-id=\"29b748e\" data-element_type=\"widget\" data-e-type=\"widget\" data-widget_type=\"text-editor.default\">\n\t\t\t\t<div class=\"elementor-widget-container\">\n\t\t\t\t\t\t\t\t\t<p><\/p><h2 class=\"wp-block-heading\">Mission<\/h2><p><\/p><p>La mission principale du RIAM est de\u00a0<strong>proposer un espace de rencontre, d\u2019information et de partage entre les acteurs de l\u2019agro\u00e9cologie au Maroc, favorisant les synergies entre les initiatives<\/strong>.\u00a0 Le RIAM est compos\u00e9 de personnes, de collectifs ou de structures autonomes r\u00e9unis par la d\u00e9marche agro\u00e9cologique et ses valeurs.<\/p><p>Le RIAM \u0153uvre\u00a0pour l\u2019\u00e9mergence et le d\u00e9veloppement de l\u2019agro\u00e9cologie au Maroc en partageant des\u00a0objectifs communs et transversaux aux diverses activit\u00e9s\u00a0:<\/p><ul><li>Contribuer \u00e0 l\u2019autonomie des communaut\u00e9s,<\/li><li>Contribuer \u00e0 la souverainet\u00e9 alimentaire et \u00e0 la sant\u00e9,<\/li><li>Contribuer \u00e0 la pr\u00e9servation et \u00e0 la valorisation du patrimoine naturel universel.<\/li><\/ul><p><strong>Objectifs du RIAM pour r\u00e9aliser sa mission<\/strong><\/p><ul><li><strong>Relier les acteurs de l\u2019agro\u00e9cologie au Maroc par l\u2019\u00e9change d\u2019informations, la capitalisation des exp\u00e9riences et la mutualisation des \u00e9nergies au service des objectifs communs<\/strong>.Il s\u2019agit d\u2019offrir un espace d\u2019apprentissage au \u00ab\u00a0faire ensemble\u00a0\u00bb permettant l\u2019\u00e9mergence d\u2019un savoir-\u00eatre collectif agissant, de co-cr\u00e9er une vision partag\u00e9e \u2013 garante de coh\u00e9rence.<\/li><li><strong>Soutenir les initiatives agro\u00e9cologiques au Maroc<\/strong>\u00a0:\u00a0leur offrir une visibilit\u00e9 et une reconnaissance commune, identifier et mobiliser des ressources utiles \u00e0 la r\u00e9alisation de projets, renforcer les comp\u00e9tences des acteurs.<\/li><li><strong>Ensemencer la soci\u00e9t\u00e9 civile dans son ensemble<\/strong>\u00a0:\u00a0faire prendre conscience de l\u2019urgence, diffuser des alternatives et promouvoir des initiatives agro\u00e9cologiques, inviter \u00e0 la mobilisation et susciter l\u2019\u00e9mergence de nouvelles initiatives.<\/li><\/ul><p><strong>Valeurs et principes au c\u0153ur des actions du RIAM<\/strong><\/p><p>Humanisme, Respect du Vivant, R\u00e9ciprocit\u00e9, \u00c9quit\u00e9, Engagement, Progressivit\u00e9, Innovation, Diversit\u00e9, Interd\u00e9pendance, Coh\u00e9rence, Solidarit\u00e9.<\/p><p>Les valeurs de la charte relationnelle sont le savoir respecter et consid\u00e9rer, savoir vivre ensemble, savoir se r\u00e9unir, savoir d\u00e9cider.<\/p><p><\/p>\t\t\t\t\t\t\t\t<\/div>\n\t\t\t\t<\/div>\n\t\t\t\t\t<\/div>\n\t\t\t\t<\/div>\n\t\t\t\t<\/div>\n\t\t\n    <div class=\"xs_social_share_widget xs_share_url after_content \t\tmain_content  wslu-style-1 wslu-share-box-shaped wslu-fill-colored wslu-none wslu-share-horizontal wslu-theme-font-no wslu-main_content\">\n\n\t\t\n        <ul>\n\t\t\t        <\/ul>\n    <\/div> \n","protected":false},"excerpt":{"rendered":"<p>Mission La mission principale du RIAM est de\u00a0proposer un espace de rencontre, d\u2019information et de partage entre les acteurs de l\u2019agro\u00e9cologie au Maroc, favorisant les synergies entre les initiatives.\u00a0 Le RIAM est compos\u00e9 de personnes, de collectifs ou de structures autonomes r\u00e9unis par la d\u00e9marche agro\u00e9cologique et ses valeurs. Le RIAM \u0153uvre\u00a0pour l\u2019\u00e9mergence et le [&hellip;]<\/p>\n","protected":false},"author":1,"featured_media":0,"parent":0,"menu_order":0,"comment_status":"closed","ping_status":"closed","template":"","meta":{"inline_featured_image":false,"_monsterinsights_skip_tracking":false,"_monsterinsights_sitenote_active":false,"_monsterinsights_sitenote_note":"","_monsterinsights_sitenote_category":0,"footnotes":""},"class_list":["post-3131","page","type-page","status-publish","hentry"],"blocksy_meta":[],"aioseo_notices":[],"_links":{"self":[{"href":"https:\/\/riam.servermdz.com\/web\/wp-json\/wp\/v2\/pages\/3131","targetHints":{"allow":["GET"]}}],"collection":[{"href":"https:\/\/riam.servermdz.com\/web\/wp-json\/wp\/v2\/pages"}],"about":[{"href":"https:\/\/riam.servermdz.com\/web\/wp-json\/wp\/v2\/types\/page"}],"author":[{"embeddable":true,"href":"https:\/\/riam.servermdz.com\/web\/wp-json\/wp\/v2\/users\/1"}],"replies":[{"embeddable":true,"href":"https:\/\/riam.servermdz.com\/web\/wp-json\/wp\/v2\/comments?post=3131"}],"version-history":[{"count":4,"href":"https:\/\/riam.servermdz.com\/web\/wp-json\/wp\/v2\/pages\/3131\/revisions"}],"predecessor-version":[{"id":3332,"href":"https:\/\/riam.servermdz.com\/web\/wp-json\/wp\/v2\/pages\/3131\/revisions\/3332"}],"wp:attachment":[{"href":"https:\/\/riam.servermdz.com\/web\/wp-json\/wp\/v2\/media?parent=3131"}],"curies":[{"name":"wp","href":"https:\/\/api.w.org\/{rel}","templated":true}]}}