{"id":3134,"date":"2024-09-14T12:03:35","date_gmt":"2024-09-14T10:03:35","guid":{"rendered":"https:\/\/riam.servermdz.com\/web\/?page_id=3134"},"modified":"2024-12-03T17:14:57","modified_gmt":"2024-12-03T16:14:57","slug":"fonctionnement","status":"publish","type":"page","link":"https:\/\/riam.servermdz.com\/web\/fonctionnement\/","title":{"rendered":"Fonctionnement"},"content":{"rendered":"\t\t<div data-elementor-type=\"wp-page\" data-elementor-id=\"3134\" class=\"elementor elementor-3134\">\n\t\t\t\t<div class=\"elementor-element elementor-element-6068f22 e-flex e-con-boxed e-con e-parent\" data-id=\"6068f22\" data-element_type=\"container\" data-e-type=\"container\">\n\t\t\t\t\t<div class=\"e-con-inner\">\n\t\t\t\t<div class=\"elementor-element elementor-element-dd0e0a9 elementor-widget elementor-widget-text-editor\" data-id=\"dd0e0a9\" data-element_type=\"widget\" data-e-type=\"widget\" data-widget_type=\"text-editor.default\">\n\t\t\t\t<div class=\"elementor-widget-container\">\n\t\t\t\t\t\t\t\t\t<h2>Fonctionnement<\/h2>\n<p><!-- \/wp:heading --><!-- wp:paragraph --><\/p>\n<p>Des\u00a0<strong>r\u00e8gles de fonctionnement<\/strong>\u00a0du RIAM d\u00e9finies dans 3 documents:<\/p>\n<ul>\n<li><strong><a href=\"https:\/\/riam.servermdz.com\/web\/wp-content\/uploads\/2024\/10\/STATUTS-RIAM-AGE-7-ET-21-DEC-2019_compressed.pdf\" target=\"_blank\" rel=\"noopener noreferrer\">Statuts<\/a><\/strong><\/li>\n<li><strong><a href=\"https:\/\/riam.servermdz.com\/web\/wp-content\/uploads\/2024\/10\/Reglement-Interieur-RIAM-11-janvier-2020.pdf\" target=\"_blank\" rel=\"noopener noreferrer\">R\u00e8glement int\u00e9rieur<\/a><\/strong><\/li>\n<li><strong><a href=\"https:\/\/riam.servermdz.com\/web\/wp-content\/uploads\/2024\/10\/CHARTE-DU-RIAM-.pdf\" target=\"_blank\" rel=\"noopener noreferrer\">Charte<\/a><\/strong><\/li>\n<\/ul>\n<p><strong>Un document d\u2019orientation strat\u00e9gique<\/strong>, permettant de pr\u00e9ciser les objectifs op\u00e9rationnels, les activit\u00e9s et les moyens d\u2019action.<\/p>\n<p>Une attention particuli\u00e8re est accord\u00e9e \u00e0 la\u00a0<strong>gouvernance<\/strong>\u00a0de l\u2019association, aux modalit\u00e9s de prise de d\u00e9cision ainsi qu\u2019aux rapports entretenus entre ses membres, en coh\u00e9rence avec ses valeurs et principes, tels que d\u00e9clin\u00e9s dans la charte. Elle \u00e9volue et s\u2019adapte en fonction des besoins de l\u2019association.<\/p>\n<h2>L\u2019\u00e9quipe<\/h2>\n<p>Un\u00a0<strong>Comit\u00e9 d\u2019orientation strat\u00e9gique<\/strong>\u00a0(COS) et un bureau dont les membres sont \u00e9lus pour 3 ans.<\/p>\n<p>Le COS est compos\u00e9 d\u2019acteurs individuels et collectifs (personnes physiques, repr\u00e9sentants d\u2019associations, \u00a0coop\u00e9ratives, soci\u00e9t\u00e9s). Le bureau est l\u2019instance ex\u00e9cutive des d\u00e9cisions et des orientations strat\u00e9giques du COS. Il veille \u00e0 la bonne organisation des activit\u00e9s et \u00e0 la bonne gestion financi\u00e8re de l\u2019association.<\/p>\n<ul>\n<li><strong><a href=\"https:\/\/riam.servermdz.com\/web\/wp-content\/uploads\/2024\/10\/membres-COS-2015-2017web.pdf\" target=\"_blank\" rel=\"noopener noreferrer\">COS 2015-2017<\/a><\/strong><\/li>\n<li><a href=\"https:\/\/riam.servermdz.com\/web\/wp-content\/uploads\/2024\/10\/MEMBRES-COS-2017-2019web.pdf\" target=\"_blank\" rel=\"noopener noreferrer\"><strong>COS 2017-2019<\/strong><\/a><\/li>\n<li><strong><a href=\"https:\/\/riam.servermdz.com\/web\/wp-content\/uploads\/2024\/10\/COS-2020-2023.pdf\" target=\"_blank\" rel=\"noopener noreferrer\">COS 2020-2023<\/a><\/strong><\/li>\n<li><strong><a href=\"https:\/\/riam.servermdz.com\/web\/wp-content\/uploads\/2024\/10\/COS-RIAM-2023-2026.pdf\" target=\"_blank\" rel=\"noopener noreferrer\">COS 2023-2026<\/a><\/strong><\/li>\n<\/ul>\n<p><strong>Commissions<\/strong>\u00a0<strong>et<\/strong>\u00a0<strong>p\u00f4les th\u00e9matiques<\/strong>\u00a0(fixes et \u00e9ph\u00e9m\u00e8res)<\/p>\n<p>Ils se constituent en fonction des axes prioritaires du r\u00e9seau tant li\u00e9s au fonctionnement de l\u2019association qu\u2019aux initiatives concr\u00e8tes port\u00e9es par les membres du r\u00e9seau :<\/p>\n<ul>\n<li>commission communication, commission gouvernance, commission RIAM SPG, commission m\u00e9diation\u00a0;<\/li>\n<li>p\u00f4le commercialisation, p\u00f4le recherche et exp\u00e9rimentation, p\u00f4le formation et transition, p\u00f4le international, p\u00f4le agriculture urbaine, p\u00f4le agrotourisme.<\/li>\n<\/ul>\n<h2>Liste des membres du bureau<\/h2>\n<p><a href=\"https:\/\/riam.servermdz.com\/web\/wp-content\/uploads\/2024\/12\/Liste-des-memebres-du-bureau-RIAM.pdf\">Liste des membres du bureau ex\u00e9cutif RIAM &#8211; AGO ELECTIVE samedi 15 f\u00e9vrier 2020<\/a><\/p>\n<p><!-- \/wp:paragraph --><\/p>\t\t\t\t\t\t\t\t<\/div>\n\t\t\t\t<\/div>\n\t\t\t\t\t<\/div>\n\t\t\t\t<\/div>\n\t\t\t\t<\/div>\n\t\t\n    <div class=\"xs_social_share_widget xs_share_url after_content \t\tmain_content  wslu-style-1 wslu-share-box-shaped wslu-fill-colored wslu-none wslu-share-horizontal wslu-theme-font-no wslu-main_content\">\n\n\t\t\n        <ul>\n\t\t\t        <\/ul>\n    <\/div> \n","protected":false},"excerpt":{"rendered":"<p>Fonctionnement Des\u00a0r\u00e8gles de fonctionnement\u00a0du RIAM d\u00e9finies dans 3 documents: Statuts R\u00e8glement int\u00e9rieur Charte Un document d\u2019orientation strat\u00e9gique, permettant de pr\u00e9ciser les objectifs op\u00e9rationnels, les activit\u00e9s et les moyens d\u2019action. Une attention particuli\u00e8re est accord\u00e9e \u00e0 la\u00a0gouvernance\u00a0de l\u2019association, aux modalit\u00e9s de prise de d\u00e9cision ainsi qu\u2019aux rapports entretenus entre ses membres, en coh\u00e9rence avec ses valeurs [&hellip;]<\/p>\n","protected":false},"author":1,"featured_media":0,"parent":0,"menu_order":0,"comment_status":"closed","ping_status":"closed","template":"","meta":{"inline_featured_image":false,"_monsterinsights_skip_tracking":false,"_monsterinsights_sitenote_active":false,"_monsterinsights_sitenote_note":"","_monsterinsights_sitenote_category":0,"footnotes":""},"class_list":["post-3134","page","type-page","status-publish","hentry"],"blocksy_meta":[],"aioseo_notices":[],"_links":{"self":[{"href":"https:\/\/riam.servermdz.com\/web\/wp-json\/wp\/v2\/pages\/3134","targetHints":{"allow":["GET"]}}],"collection":[{"href":"https:\/\/riam.servermdz.com\/web\/wp-json\/wp\/v2\/pages"}],"about":[{"href":"https:\/\/riam.servermdz.com\/web\/wp-json\/wp\/v2\/types\/page"}],"author":[{"embeddable":true,"href":"https:\/\/riam.servermdz.com\/web\/wp-json\/wp\/v2\/users\/1"}],"replies":[{"embeddable":true,"href":"https:\/\/riam.servermdz.com\/web\/wp-json\/wp\/v2\/comments?post=3134"}],"version-history":[{"count":10,"href":"https:\/\/riam.servermdz.com\/web\/wp-json\/wp\/v2\/pages\/3134\/revisions"}],"predecessor-version":[{"id":3617,"href":"https:\/\/riam.servermdz.com\/web\/wp-json\/wp\/v2\/pages\/3134\/revisions\/3617"}],"wp:attachment":[{"href":"https:\/\/riam.servermdz.com\/web\/wp-json\/wp\/v2\/media?parent=3134"}],"curies":[{"name":"wp","href":"https:\/\/api.w.org\/{rel}","templated":true}]}}