{"id":3153,"date":"2024-09-17T16:56:10","date_gmt":"2024-09-17T14:56:10","guid":{"rendered":"https:\/\/riam.servermdz.com\/web\/?page_id=3153"},"modified":"2024-10-03T12:35:17","modified_gmt":"2024-10-03T10:35:17","slug":"le-systeme-participatif-de-garantie-agroecologie-maroc","status":"publish","type":"page","link":"https:\/\/riam.servermdz.com\/web\/le-systeme-participatif-de-garantie-agroecologie-maroc\/","title":{"rendered":"Le syst\u00e8me participatif de garantie Agro\u00e9cologie Maroc"},"content":{"rendered":"\t\t<div data-elementor-type=\"wp-page\" data-elementor-id=\"3153\" class=\"elementor elementor-3153\">\n\t\t\t\t<div class=\"elementor-element elementor-element-2c5dafe e-flex e-con-boxed e-con e-parent\" data-id=\"2c5dafe\" data-element_type=\"container\" data-e-type=\"container\">\n\t\t\t\t\t<div class=\"e-con-inner\">\n\t\t\t\t<div class=\"elementor-element elementor-element-60032a4 elementor-widget elementor-widget-video\" data-id=\"60032a4\" data-element_type=\"widget\" data-e-type=\"widget\" data-settings=\"{&quot;youtube_url&quot;:&quot;https:\\\/\\\/youtu.be\\\/FjddVXaLM2k&quot;,&quot;video_type&quot;:&quot;youtube&quot;,&quot;controls&quot;:&quot;yes&quot;}\" data-widget_type=\"video.default\">\n\t\t\t\t<div class=\"elementor-widget-container\">\n\t\t\t\t\t\t\t<div class=\"elementor-wrapper elementor-open-inline\">\n\t\t\t<div class=\"elementor-video\"><\/div>\t\t<\/div>\n\t\t\t\t\t\t<\/div>\n\t\t\t\t<\/div>\n\t\t\t\t\t<\/div>\n\t\t\t\t<\/div>\n\t\t<div class=\"elementor-element elementor-element-ee31221 e-flex e-con-boxed e-con e-parent\" data-id=\"ee31221\" data-element_type=\"container\" data-e-type=\"container\">\n\t\t\t\t\t<div class=\"e-con-inner\">\n\t\t\t\t<div class=\"elementor-element elementor-element-cae1225 elementor-widget elementor-widget-spacer\" data-id=\"cae1225\" data-element_type=\"widget\" data-e-type=\"widget\" data-widget_type=\"spacer.default\">\n\t\t\t\t<div class=\"elementor-widget-container\">\n\t\t\t\t\t\t\t<div class=\"elementor-spacer\">\n\t\t\t<div class=\"elementor-spacer-inner\"><\/div>\n\t\t<\/div>\n\t\t\t\t\t\t<\/div>\n\t\t\t\t<\/div>\n\t\t\t\t<div class=\"elementor-element elementor-element-1e300a7 elementor-widget elementor-widget-heading\" data-id=\"1e300a7\" data-element_type=\"widget\" data-e-type=\"widget\" data-widget_type=\"heading.default\">\n\t\t\t\t<div class=\"elementor-widget-container\">\n\t\t\t\t\t<h2 class=\"elementor-heading-title elementor-size-default\">Qu'est-ce qu'un SPG?<br><\/h2>\t\t\t\t<\/div>\n\t\t\t\t<\/div>\n\t\t\t\t<div class=\"elementor-element elementor-element-79a2455 elementor-widget elementor-widget-text-editor\" data-id=\"79a2455\" data-element_type=\"widget\" data-e-type=\"widget\" data-widget_type=\"text-editor.default\">\n\t\t\t\t<div class=\"elementor-widget-container\">\n\t\t\t\t\t\t\t\t\t<div class=\"vc_row wpb_row vc_row-fluid vc_custom_1574418075052\">\n<div class=\"wpb_column vc_column_container vc_col-sm-9\">\n<div class=\"vc_column-inner\">\n<div class=\"wpb_wrapper\">\n<div class=\"wpb_text_column wpb_content_element \">\n<div class=\"wpb_wrapper\">\n<p><br><\/p><p>Un SPG est un syst\u00e8me de certification participatif .<br><strong>Les syst\u00e8mes participatifs de garantie sont des syst\u00e8mes d\u2019assurance qualit\u00e9 orient\u00e9s localement. Ils certifient les producteurs sur la base d\u2019une participation active des acteurs concern\u00e9s et sont construits sur une base de confiance, de r\u00e9seaux et d\u2019\u00e9changes de connaissances.<\/strong>&nbsp;(d\u00e9finition&nbsp;<a href=\"https:\/\/www.ifoam.bio\/en\/pgs-publications-french\">IFOAM<\/a>, 2008).<\/p>\n<p>Les Syst\u00e8mes participatifs de garantie repr\u00e9sentent une alternative, \u00e0 la certification par tiers, particuli\u00e8rement adapt\u00e9e aux march\u00e9s locaux et aux fili\u00e8res courtes, la commercialisation se faisant principalement dans les circuits courts (maximum un interm\u00e9diaire) comme les march\u00e9s locaux, la ferme ou les magasins de proximit\u00e9. Ils peuvent aussi \u00eatre compl\u00e9mentaires \u00e0 la certification par tiers, en apportant des garanties et une transparence suppl\u00e9mentaires. Les SPG permettent une participation directe des producteurs, des consommateurs et distributeurs dans :<\/p>\n<ul>\n<li>Le choix et l\u2019\u00e9laboration du&nbsp;cahier des charges.<\/li>\n<li>Le d\u00e9veloppement et la mise en \u0153uvre des proc\u00e9dures de&nbsp;certification.<\/li>\n<li>Les d\u00e9cisions de certification.<\/li>\n<\/ul>\n<p>Gr\u00e2ce \u00e0 leurs connaissances techniques, les producteurs v\u00e9rifient et contr\u00f4lent les pratiques agro-\u00e9cologiques alors que les consommateurs garantissent la neutralit\u00e9 du contr\u00f4le. Les visites de contr\u00f4le sont aussi un moment d\u2019\u00e9changes, de savoir-faire et humains important.<\/p>\n<\/div>\n<\/div>\n<\/div>\n<\/div>\n<\/div>\n<\/div>\n<div class=\"vc_row wpb_row vc_row-fluid\">\n<div class=\"wpb_column vc_column_container vc_col-sm-12\">\n<div class=\"vc_column-inner\">\n<div class=\"wpb_wrapper\">&nbsp;<\/div>\n<\/div>\n<\/div>\n<\/div>\t\t\t\t\t\t\t\t<\/div>\n\t\t\t\t<\/div>\n\t\t\t\t<div class=\"elementor-element elementor-element-fbb6153 elementor-widget elementor-widget-heading\" data-id=\"fbb6153\" data-element_type=\"widget\" data-e-type=\"widget\" data-widget_type=\"heading.default\">\n\t\t\t\t<div class=\"elementor-widget-container\">\n\t\t\t\t\t<h2 class=\"elementor-heading-title elementor-size-default\"><span style=\"font-family: helvetica, arial, sans-serif;font-size: 20px;font-style: normal;font-weight: 400\">Au Maroc \u2026 le label \u00ab&nbsp;Agro\u00e9cologie Maroc \u2013 Syst\u00e8me participatif de garantie SPG&nbsp;\u00bb<\/span> <\/h2>\t\t\t\t<\/div>\n\t\t\t\t<\/div>\n\t\t\t\t\t<\/div>\n\t\t\t\t<\/div>\n\t\t<div class=\"elementor-element elementor-element-e9dba88 e-flex e-con-boxed e-con e-parent\" data-id=\"e9dba88\" data-element_type=\"container\" data-e-type=\"container\">\n\t\t\t\t\t<div class=\"e-con-inner\">\n\t\t\t\t<div class=\"elementor-element elementor-element-1da89ac elementor-widget elementor-widget-text-editor\" data-id=\"1da89ac\" data-element_type=\"widget\" data-e-type=\"widget\" data-widget_type=\"text-editor.default\">\n\t\t\t\t<div class=\"elementor-widget-container\">\n\t\t\t\t\t\t\t\t\t<p>Le RIAM s\u2019est engag\u00e9 dans le\u00a0<strong>d\u00e9veloppement d\u2019un SPG marocain<\/strong>, avec l\u2019accompagnement du CIRAD (Centre de coop\u00e9ration internationale en recherche agronomique pour le d\u00e9veloppement), et l\u2019appui de la FCAMDD (Fondation cr\u00e9dit agricole du Maroc pour le d\u00e9veloppement durable). Un cahier des charges agro\u00e9cologique pour les productions v\u00e9g\u00e9tales, une charte et un r\u00e8glement ont \u00e9t\u00e9 r\u00e9dig\u00e9s lors d\u2019ateliers collectifs en 2017; ces outils, premiers rep\u00e8res pour la certification, ont vocation \u00e0 \u00e9voluer dans le temps pour am\u00e9liorer les pratiques et s\u2019adapter au contexte sp\u00e9cifique \u00e0 chaque r\u00e9gion.<\/p><p>En 2018, le RIAM s\u2019engage dans une phase pilote de mise en \u0153uvre dans la r\u00e9gion de Rabat.<br \/><strong>Un<\/strong>\u00a0<strong>label priv\u00e9 marocain \u00ab\u00a0Agro\u00e9cologie Maroc\u00a0\u2013 Syst\u00e8me participatif de garantie SPG\u00bb<\/strong>\u00a0a \u00e9t\u00e9 d\u00e9pos\u00e9 aupr\u00e8s de l\u2019OMPIC ; il permet aux consommateurs de reconna\u00eetre les produits issus de l\u2019agriculture \u00e9cologique et d\u2019\u00eatre assur\u00e9 sur leur origine et leur conformit\u00e9.<\/p><p>En 2019 deux nouveaux cahiers des charges ont \u00e9t\u00e9 publi\u00e9s: aviculture et apiculture.<br \/>Dans la r\u00e9gion de Marrakech, une dizaine de producteurs ont adopt\u00e9 le SPG, avec quelques adaptations. La 1\u00e8re campagne d\u00e9marrera dans la r\u00e9gion de Marrakech au printemps 2020.\u00a0 D\u2019autres r\u00e9gions vont suivre\u00a0 (Tanger, Fes\u2026).<\/p><p>2020\/2023:\u00a0 le RIAM participera au projet port\u00e9 par\u00a0<strong>AFRONET<\/strong>\u00a0(African Organic Network) \u2013\u00a0<strong>Innovations Institutionnelles pour l\u2019Agriculture Biologique en Afrique (IIABA) \u2013\u00a0<\/strong>en partenariat avec FIMABio (Maroc), TOAM (Tanzanie), NOGAMU (Ouganda), INRA (France), CIRAD (France).<br \/>Ce projet permettra au RIAM de d\u00e9velopper et p\u00e9renniser le SPG Agro\u00e9cologie Maroc, de d\u00e9velopper de nouveaux march\u00e9s locaux, de faire du plaidoyer aupr\u00e8s des institutions marocaines pour promouvoir la production et la consommation biologique, soutenir l\u2019agriculture familiale.\u00a0 Un.e coordinat.eur\/trice est en cours de recrutement.<\/p><p>La presse en\u00a0<strong><a href=\"https:\/\/www.medias24.com\/MAROC\/Quoi-de-neuf\/181387-Un-systeme-participatif-de-garantie-pour-les-fermes-en-agro-ecologie-au-Maroc.html\" target=\"_blank\" rel=\"noopener noreferrer\"><u>parle<\/u><\/a><\/strong>.<\/p><p>De nombreux SPG existent de par le monde,\u00a0<a href=\"https:\/\/www.ifoam.bio\/sites\/default\/files\/pgs_brochure_french.pdf\" target=\"_blank\" rel=\"noopener noreferrer\"><strong>pour en savoir plus<\/strong><\/a><\/p>\t\t\t\t\t\t\t\t<\/div>\n\t\t\t\t<\/div>\n\t\t\t\t<div class=\"elementor-element elementor-element-f9ac8c1 elementor-widget-divider--view-line elementor-widget elementor-widget-divider\" data-id=\"f9ac8c1\" data-element_type=\"widget\" data-e-type=\"widget\" data-widget_type=\"divider.default\">\n\t\t\t\t<div class=\"elementor-widget-container\">\n\t\t\t\t\t\t\t<div class=\"elementor-divider\">\n\t\t\t<span class=\"elementor-divider-separator\">\n\t\t\t\t\t\t<\/span>\n\t\t<\/div>\n\t\t\t\t\t\t<\/div>\n\t\t\t\t<\/div>\n\t\t\t\t\t<\/div>\n\t\t\t\t<\/div>\n\t\t<div class=\"elementor-element elementor-element-5960594 e-grid e-con-boxed e-con e-parent\" data-id=\"5960594\" data-element_type=\"container\" data-e-type=\"container\">\n\t\t\t\t\t<div class=\"e-con-inner\">\n\t\t\t\t<div class=\"elementor-element elementor-element-f790816 elementor-widget elementor-widget-image\" data-id=\"f790816\" data-element_type=\"widget\" data-e-type=\"widget\" data-widget_type=\"image.default\">\n\t\t\t\t<div class=\"elementor-widget-container\">\n\t\t\t\t\t\t\t\t\t\t\t\t\t\t\t\t<a href=\"https:\/\/riam.servermdz.com\/web\/wp-content\/uploads\/2024\/10\/11Depliant-web-1.pdf\">\n\t\t\t\t\t\t\t<img fetchpriority=\"high\" decoding=\"async\" width=\"800\" height=\"570\" src=\"https:\/\/riam.servermdz.com\/web\/wp-content\/uploads\/2024\/10\/depliant.jpg\" class=\"attachment-large size-large wp-image-3440\" alt=\"\" srcset=\"https:\/\/riam.servermdz.com\/web\/wp-content\/uploads\/2024\/10\/depliant.jpg 800w, https:\/\/riam.servermdz.com\/web\/wp-content\/uploads\/2024\/10\/depliant-600x428.jpg 600w, https:\/\/riam.servermdz.com\/web\/wp-content\/uploads\/2024\/10\/depliant-300x214.jpg 300w, https:\/\/riam.servermdz.com\/web\/wp-content\/uploads\/2024\/10\/depliant-768x547.jpg 768w\" sizes=\"(max-width: 800px) 100vw, 800px\" \/>\t\t\t\t\t\t\t\t<\/a>\n\t\t\t\t\t\t\t\t\t\t\t\t\t\t\t<\/div>\n\t\t\t\t<\/div>\n\t\t\t\t<div class=\"elementor-element elementor-element-697f754 elementor-widget elementor-widget-image\" data-id=\"697f754\" data-element_type=\"widget\" data-e-type=\"widget\" data-widget_type=\"image.default\">\n\t\t\t\t<div class=\"elementor-widget-container\">\n\t\t\t\t\t\t\t\t\t\t\t\t\t\t\t\t<a href=\"https:\/\/riam.servermdz.com\/web\/wp-content\/uploads\/2024\/10\/11Plaquette-Web-1.pdf\">\n\t\t\t\t\t\t\t<img decoding=\"async\" width=\"800\" height=\"569\" src=\"https:\/\/riam.servermdz.com\/web\/wp-content\/uploads\/2024\/10\/plaquette.jpg\" class=\"attachment-large size-large wp-image-3441\" alt=\"\" srcset=\"https:\/\/riam.servermdz.com\/web\/wp-content\/uploads\/2024\/10\/plaquette.jpg 800w, https:\/\/riam.servermdz.com\/web\/wp-content\/uploads\/2024\/10\/plaquette-600x427.jpg 600w, https:\/\/riam.servermdz.com\/web\/wp-content\/uploads\/2024\/10\/plaquette-300x213.jpg 300w, https:\/\/riam.servermdz.com\/web\/wp-content\/uploads\/2024\/10\/plaquette-768x546.jpg 768w\" sizes=\"(max-width: 800px) 100vw, 800px\" \/>\t\t\t\t\t\t\t\t<\/a>\n\t\t\t\t\t\t\t\t\t\t\t\t\t\t\t<\/div>\n\t\t\t\t<\/div>\n\t\t\t\t\t<\/div>\n\t\t\t\t<\/div>\n\t\t<div class=\"elementor-element elementor-element-cde7b0d e-grid e-con-boxed e-con e-parent\" data-id=\"cde7b0d\" data-element_type=\"container\" data-e-type=\"container\">\n\t\t\t\t\t<div class=\"e-con-inner\">\n\t\t\t\t<div class=\"elementor-element elementor-element-b3b0cca align-right line-no elementor-widget elementor-widget-mae-link\" data-id=\"b3b0cca\" data-element_type=\"widget\" data-e-type=\"widget\" data-widget_type=\"mae-link.default\">\n\t\t\t\t<div class=\"elementor-widget-container\">\n\t\t\t\t\t\n        <a class=\"master-link  icon-none\" href=\"https:\/\/riam.servermdz.com\/web\/wp-content\/uploads\/2024\/10\/11Depliant-web-1.pdf\" >\n                        <span>                 D\u00e9pliant SPG Agro\u00e9cologie Maroc<\/span>\n                    <\/a>\n\n        \t\t\t\t<\/div>\n\t\t\t\t<\/div>\n\t\t\t\t<div class=\"elementor-element elementor-element-fa12850 align-right line-no elementor-widget elementor-widget-mae-link\" data-id=\"fa12850\" data-element_type=\"widget\" data-e-type=\"widget\" data-widget_type=\"mae-link.default\">\n\t\t\t\t<div class=\"elementor-widget-container\">\n\t\t\t\t\t\n        <a class=\"master-link  icon-none\" href=\"https:\/\/riam.servermdz.com\/web\/wp-content\/uploads\/2024\/10\/11Plaquette-Web-1.pdf\" >\n                        <span>Plaquette SPG Agro\u00e9cologie Maroc<\/span>\n                    <\/a>\n\n        \t\t\t\t<\/div>\n\t\t\t\t<\/div>\n\t\t\t\t\t<\/div>\n\t\t\t\t<\/div>\n\t\t\t\t<\/div>\n\t\t\n    <div class=\"xs_social_share_widget xs_share_url after_content \t\tmain_content  wslu-style-1 wslu-share-box-shaped wslu-fill-colored wslu-none wslu-share-horizontal wslu-theme-font-no wslu-main_content\">\n\n\t\t\n        <ul>\n\t\t\t        <\/ul>\n    <\/div> \n","protected":false},"excerpt":{"rendered":"<p>Qu&rsquo;est-ce qu&rsquo;un SPG? Un SPG est un syst\u00e8me de certification participatif .Les syst\u00e8mes participatifs de garantie sont des syst\u00e8mes d\u2019assurance qualit\u00e9 orient\u00e9s localement. Ils certifient les producteurs sur la base d\u2019une participation active des acteurs concern\u00e9s et sont construits sur une base de confiance, de r\u00e9seaux et d\u2019\u00e9changes de connaissances.&nbsp;(d\u00e9finition&nbsp;IFOAM, 2008). Les Syst\u00e8mes participatifs de [&hellip;]<\/p>\n","protected":false},"author":1,"featured_media":0,"parent":0,"menu_order":0,"comment_status":"closed","ping_status":"closed","template":"","meta":{"inline_featured_image":false,"_monsterinsights_skip_tracking":false,"_monsterinsights_sitenote_active":false,"_monsterinsights_sitenote_note":"","_monsterinsights_sitenote_category":0,"footnotes":""},"class_list":["post-3153","page","type-page","status-publish","hentry"],"blocksy_meta":[],"aioseo_notices":[],"_links":{"self":[{"href":"https:\/\/riam.servermdz.com\/web\/wp-json\/wp\/v2\/pages\/3153","targetHints":{"allow":["GET"]}}],"collection":[{"href":"https:\/\/riam.servermdz.com\/web\/wp-json\/wp\/v2\/pages"}],"about":[{"href":"https:\/\/riam.servermdz.com\/web\/wp-json\/wp\/v2\/types\/page"}],"author":[{"embeddable":true,"href":"https:\/\/riam.servermdz.com\/web\/wp-json\/wp\/v2\/users\/1"}],"replies":[{"embeddable":true,"href":"https:\/\/riam.servermdz.com\/web\/wp-json\/wp\/v2\/comments?post=3153"}],"version-history":[{"count":14,"href":"https:\/\/riam.servermdz.com\/web\/wp-json\/wp\/v2\/pages\/3153\/revisions"}],"predecessor-version":[{"id":3521,"href":"https:\/\/riam.servermdz.com\/web\/wp-json\/wp\/v2\/pages\/3153\/revisions\/3521"}],"wp:attachment":[{"href":"https:\/\/riam.servermdz.com\/web\/wp-json\/wp\/v2\/media?parent=3153"}],"curies":[{"name":"wp","href":"https:\/\/api.w.org\/{rel}","templated":true}]}}